{"id":271716,"date":"2025-07-06T11:13:50","date_gmt":"2025-07-06T09:13:50","guid":{"rendered":"https:\/\/www.mister-wp.com\/?page_id=271716"},"modified":"2025-07-07T10:09:41","modified_gmt":"2025-07-07T08:09:41","slug":"blog","status":"publish","type":"page","link":"https:\/\/www.mister-wp.com\/en\/blog\/","title":{"rendered":"The blog posts of Mister WordPress"},"content":{"rendered":"<p>[et_pb_section fb_built=&#8221;1&#8243; custom_padding_last_edited=&#8221;on|desktop&#8221; admin_label=&#8221;section&#8221; _builder_version=&#8221;4.18.0&#8243; background_color=&#8221;#ffffff&#8221; custom_margin=&#8221;||||false|false&#8221; custom_padding=&#8221;0px||||false|false&#8221; custom_padding_tablet=&#8221;50px|0|50px|0&#8243; custom_padding_phone=&#8221;&#8221; global_colors_info=&#8221;{}&#8221;][et_pb_row column_structure=&#8221;2_5,3_5&#8243; use_custom_gutter=&#8221;on&#8221; gutter_width=&#8221;2&#8243; _builder_version=&#8221;4.18.0&#8243; _module_preset=&#8221;default&#8221; background_color=&#8221;#d6ebff&#8221; width=&#8221;94%&#8221; custom_margin=&#8221;||16px||false|false&#8221; custom_padding=&#8221;29px|20px|29px|20px|false|false&#8221; global_colors_info=&#8221;{}&#8221;][et_pb_column type=&#8221;2_5&#8243; _builder_version=&#8221;4.16&#8243; _module_preset=&#8221;default&#8221; global_colors_info=&#8221;{}&#8221;][et_pb_image src=&#8221;https:\/\/www.mister-wp.com\/wp-content\/uploads\/2021\/09\/meilleurs-themes-wp-2022.png&#8221; alt=&#8221;Meilleurs Th\u00e8mes WordPress de 2022&#8243; url=&#8221;https:\/\/www.mister-wp.com\/webdesign\/best-wp-theme\/&#8221; _builder_version=&#8221;4.16&#8243; _module_preset=&#8221;default&#8221; custom_padding=&#8221;16px||||false|false&#8221; border_width_all=&#8221;1px&#8221; border_color_all=&#8221;rgba(51,51,51,0.2)&#8221; global_colors_info=&#8221;{}&#8221;][\/et_pb_image][\/et_pb_column][et_pb_column type=&#8221;3_5&#8243; _builder_version=&#8221;4.16&#8243; _module_preset=&#8221;default&#8221; global_colors_info=&#8221;{}&#8221;][et_pb_text _builder_version=&#8221;4.27.4&#8243; _module_preset=&#8221;default&#8221; text_line_height=&#8221;1.4em&#8221; header_2_font_size=&#8221;24px&#8221; global_colors_info=&#8221;{}&#8221;]<\/p>\n<h2><a href=\"https:\/\/www.mister-wp.com\/en\/blog\/best-wp-theme\/\" style=\"font-size: 26px\">The 30 Best WordPress Themes (Official 2025 Ranking)<\/a><\/h2>\n<p>If you choose the wrong WordPress theme <span>\ud83d\ude31<\/span> you&#8217;re doomed! First, you build your WordPress site (without knowing it, with the wrong theme). Second&#8230; Oops! You change your mind, you try to change your WordPress theme in 1 click? And third: no! The dream turns into a NIGHTMARE\u2026 EVERYTHING has to be redone, or even worse\u2026<\/p>\n<p><a href=\"https:\/\/www.mister-wp.com\/en\/blog\/best-wp-theme\/\">read more<\/a>[\/et_pb_text][\/et_pb_column][\/et_pb_row][et_pb_row use_custom_gutter=&#8221;on&#8221; gutter_width=&#8221;2&#8243; padding_mobile=&#8221;off&#8221; column_padding_mobile=&#8221;on&#8221; admin_label=&#8221;row&#8221; _builder_version=&#8221;4.18.0&#8243; background_size=&#8221;initial&#8221; background_position=&#8221;top_left&#8221; background_repeat=&#8221;repeat&#8221; width=&#8221;94%&#8221; custom_padding=&#8221;0px|||&#8221; global_colors_info=&#8221;{}&#8221;][et_pb_column type=&#8221;4_4&#8243; _builder_version=&#8221;4.18.0&#8243; custom_padding=&#8221;|||&#8221; global_colors_info=&#8221;{}&#8221; custom_padding__hover=&#8221;|||&#8221;][et_pb_blog fullwidth=&#8221;off&#8221; posts_number=&#8221;27&#8243; include_categories=&#8221;113,104,all&#8221; meta_date=&#8221;j M Y&#8221; show_more=&#8221;on&#8221; show_comments=&#8221;on&#8221; use_overlay=&#8221;on&#8221; overlay_icon_color=&#8221;#ffffff&#8221; hover_overlay_color=&#8221;rgba(0,0,0,0.6)&#8221; hover_icon=&#8221;&#xe05d;||divi||400&#8243; _builder_version=&#8221;4.27.4&#8243; custom_padding=&#8221;32px||||false|false&#8221; hover_enabled=&#8221;0&#8243; pagination_font_size_tablet=&#8221;51&#8243; pagination_line_height_tablet=&#8221;2&#8243; border_width_all=&#8221;0px&#8221; border_color_all_fullwidth=&#8221;#d8d8d8&#8243; use_border_color=&#8221;on&#8221; global_colors_info=&#8221;{}&#8221; sticky_enabled=&#8221;0&#8243;][\/et_pb_blog][et_pb_code _builder_version=&#8221;4.27.4&#8243; _module_preset=&#8221;default&#8221; filter_opacity=&#8221;60%&#8221; global_colors_info=&#8221;{}&#8221;]<!-- URL2 --><!-- [feedzy-rss feeds=\"https:\/\/www.mister-wp.com\/wp-content\/uploads\/2022\/04\/urlsforindexing2.xml\" max=\"10\" feed_title=\"yes\" refresh=\"3_days\" sort=\"date_desc\" multiple_meta=\"no\" error_empty=\"\" target=\"auto\" follow=\"yes\" title=\"500\" meta=\"\" summarylength=\"1500\" thumb=\"no\" lazy=\"no\" template=\"default\"] --><!-- [et_pb_line_break_holder] --><!-- [et_pb_line_break_holder] --><\/p>\n<div style=\"border:1px solid;padding:6px 12px;font-size:15px\">Annonce importante\u00a0: <strong>Mister WordPress<\/strong> travaille maintenant pour un <a href=\"https:\/\/www.easyhoster.com\/hebergeur\/\" target=\"_blank\" title=\"H\u00e9bergeur Web cPanel avec support WordPress\u00a0: EasyHoster\" rel=\"noopener\">H\u00e9bergeur\u00a0Web<\/a>, un <a href=\"https:\/\/massivehoster.com\/\" target=\"_blank\">H\u00e9bergeur illimit\u00e9<\/a> et ne propose plus de prestation <a href=\"https:\/\/www.mister-wp.com\/en\/\">d&#8217;Expert WordPress<\/a>.<\/div>\n<p>[\/et_pb_code][\/et_pb_column][\/et_pb_row][\/et_pb_section]<\/p>\n","protected":false},"excerpt":{"rendered":"<p>The 30 Best WordPress Themes (Official 2025 Ranking) If you choose the wrong WordPress theme \ud83d\ude31 you&#8217;re doomed! First, you build your WordPress site (without knowing it, with the wrong theme). Second&#8230; Oops! You change your mind, you try to change your WordPress theme in 1 click? And third: no! The dream turns into a [&hellip;]<\/p>\n","protected":false},"author":1,"featured_media":0,"parent":0,"menu_order":0,"comment_status":"closed","ping_status":"closed","template":"","meta":{"_stopmodifiedupdate":false,"_modified_date":"","_et_pb_use_builder":"on","_et_pb_old_content":"[et_pb_section fb_built=\"1\" custom_padding_last_edited=\"on|desktop\" admin_label=\"section\" _builder_version=\"4.18.0\" background_color=\"#ffffff\" custom_margin=\"||||false|false\" custom_padding=\"0px||||false|false\" custom_padding_tablet=\"50px|0|50px|0\" custom_padding_phone=\"\" global_colors_info=\"{}\"][et_pb_row column_structure=\"2_5,3_5\" use_custom_gutter=\"on\" gutter_width=\"2\" _builder_version=\"4.18.0\" _module_preset=\"default\" background_color=\"#d6ebff\" width=\"94%\" custom_margin=\"||16px||false|false\" custom_padding=\"29px|20px|29px|20px|false|false\" global_colors_info=\"{}\"][et_pb_column type=\"2_5\" _builder_version=\"4.16\" _module_preset=\"default\" global_colors_info=\"{}\"][et_pb_image src=\"https:\/\/www.mister-wp.com\/wp-content\/uploads\/2021\/09\/meilleurs-themes-wp-2022.png\" alt=\"Meilleurs Th\u00e8mes WordPress de 2022\" url=\"https:\/\/www.mister-wp.com\/webdesign\/best-wp-theme\/\" _builder_version=\"4.16\" _module_preset=\"default\" custom_padding=\"16px||||false|false\" border_width_all=\"1px\" border_color_all=\"rgba(51,51,51,0.2)\" global_colors_info=\"{}\"][\/et_pb_image][\/et_pb_column][et_pb_column type=\"3_5\" _builder_version=\"4.16\" _module_preset=\"default\" global_colors_info=\"{}\"][et_pb_text _builder_version=\"4.27.4\" _module_preset=\"default\" text_line_height=\"1.4em\" header_2_font_size=\"24px\" hover_enabled=\"0\" global_colors_info=\"{}\" sticky_enabled=\"0\"]\n<h2><a href=\"https:\/\/www.mister-wp.com\/webdesign\/best-wp-theme\/\" style=\"font-size: 26px\">Les 30 meilleurs th\u00e8mes WordPress (classement officiel 2025)<\/a><\/h2>\nSi vous choisissez le mauvais th\u00e8me WordPress\u00a0<span>\ud83d\ude31<\/span> vous \u00eates fichu ! Premi\u00e8rement, vous construisez votre site WordPress (sans le savoir, avec le mauvais th\u00e8me). Deuxi\u00e8mement... Oops ! Vous changez d\u2019avis, vous tentez de changer de th\u00e8me WordPress, en 1 clic ? Et troisi\u00e8mement : non ! Le r\u00eave tourne au CAUCHEMAR\u2026 TOUT est \u00e0 refaire, voir pire\u2026\n\n<a href=\"https:\/\/www.mister-wp.com\/webdesign\/best-wp-theme\/\">lire plus<\/a>\n\n[\/et_pb_text][\/et_pb_column][\/et_pb_row][et_pb_row use_custom_gutter=\"on\" gutter_width=\"2\" padding_mobile=\"off\" column_padding_mobile=\"on\" admin_label=\"row\" _builder_version=\"4.18.0\" background_size=\"initial\" background_position=\"top_left\" background_repeat=\"repeat\" width=\"94%\" custom_padding=\"0px|||\" global_colors_info=\"{}\"][et_pb_column type=\"4_4\" _builder_version=\"4.18.0\" custom_padding=\"|||\" global_colors_info=\"{}\" custom_padding__hover=\"|||\"][et_pb_blog fullwidth=\"off\" posts_number=\"27\" include_categories=\"97,81,68,101,67,42,29,45,78,1,114,221,219,220,229,228\" meta_date=\"j M Y\" show_more=\"on\" show_comments=\"on\" use_overlay=\"on\" overlay_icon_color=\"#ffffff\" hover_overlay_color=\"rgba(0,0,0,0.6)\" hover_icon=\"&#xe05d;||divi||400\" _builder_version=\"4.23\" custom_padding=\"32px||||false|false\" pagination_font_size_tablet=\"51\" pagination_line_height_tablet=\"2\" border_width_all=\"0px\" border_color_all_fullwidth=\"#d8d8d8\" use_border_color=\"on\" global_colors_info=\"{}\"][\/et_pb_blog][et_pb_code _builder_version=\"4.27.4\" _module_preset=\"default\" filter_opacity=\"60%\" global_colors_info=\"{}\"]<!-- URL2 --><!-- [feedzy-rss feeds=\"https:\/\/www.mister-wp.com\/wp-content\/uploads\/2022\/04\/urlsforindexing2.xml\" max=\"10\" feed_title=\"yes\" refresh=\"3_days\" sort=\"date_desc\" multiple_meta=\"no\" error_empty=\"\" target=\"auto\" follow=\"yes\" title=\"500\" meta=\"\" summarylength=\"1500\" thumb=\"no\" lazy=\"no\" template=\"default\"] --><!-- [et_pb_line_break_holder] -->\n<div style=\"border:1px solid;padding:6px 12px;font-size:15px\">Annonce importante\u00a0: <strong>Mister WordPress<\/strong> travaille maintenant pour un <a href=\"https:\/\/www.easyhoster.com\/hebergeur\/\" target=\"_blank\" title=\"H\u00e9bergeur Web cPanel avec support WordPress\u00a0: EasyHoster\" rel=\"noopener\">H\u00e9bergeur\u00a0Web<\/a>, un <a href=\"https:\/\/massivehoster.com\/\" target=\"_blank\">H\u00e9bergeur illimit\u00e9<\/a> et ne propose plus de prestation <a href=\"https:\/\/www.mister-wp.com\/\">d'Expert WordPress<\/a>.<\/div>\n[\/et_pb_code][\/et_pb_column][\/et_pb_row][\/et_pb_section]","_et_gb_content_width":"1280","footnotes":""},"class_list":["post-271716","page","type-page","status-publish","hentry"],"yoast_head":"<!-- This site is optimized with the Yoast SEO plugin v24.5 - https:\/\/yoast.com\/wordpress\/plugins\/seo\/ -->\n<title>Developer&#039;s Blog of the Kim Communication WordPress Web Agency<\/title>\n<meta name=\"robots\" content=\"index, follow, max-snippet:-1, max-image-preview:large, max-video-preview:-1\" \/>\n<link rel=\"canonical\" href=\"https:\/\/www.mister-wp.com\/en\/blog\/\" \/>\n<meta property=\"og:locale\" content=\"en_US\" \/>\n<meta property=\"og:type\" content=\"article\" \/>\n<meta property=\"og:title\" content=\"Developer&#039;s Blog of the Kim Communication WordPress Web Agency\" \/>\n<meta property=\"og:description\" content=\"The 30 Best WordPress Themes (Official 2025 Ranking) If you choose the wrong WordPress theme \ud83d\ude31 you&#039;re doomed! First, you build your WordPress site (without knowing it, with the wrong theme). Second... Oops! You change your mind, you try to change your WordPress theme in 1 click? And third: no! The dream turns into a [&hellip;]\" \/>\n<meta property=\"og:url\" content=\"https:\/\/www.mister-wp.com\/en\/blog\/\" \/>\n<meta property=\"og:site_name\" content=\"Mr WP\" \/>\n<meta property=\"article:publisher\" content=\"https:\/\/www.facebook.com\/Mister.WordPress\/\" \/>\n<meta property=\"article:modified_time\" content=\"2025-07-07T08:09:41+00:00\" \/>\n<meta name=\"twitter:card\" content=\"summary_large_image\" \/>\n<meta name=\"twitter:site\" content=\"@MisterWordPress\" \/>\n<meta name=\"twitter:label1\" content=\"Est. reading time\" \/>\n\t<meta name=\"twitter:data1\" content=\"7 minutes\" \/>\n<script type=\"application\/ld+json\" class=\"yoast-schema-graph\">{\"@context\":\"https:\/\/schema.org\",\"@graph\":[{\"@type\":\"WebPage\",\"@id\":\"https:\/\/www.mister-wp.com\/en\/blog\/\",\"url\":\"https:\/\/www.mister-wp.com\/en\/blog\/\",\"name\":\"Developer's Blog of the Kim Communication WordPress Web Agency\",\"isPartOf\":{\"@id\":\"https:\/\/www.mister-wp.com\/en\/#website\"},\"datePublished\":\"2025-07-06T09:13:50+00:00\",\"dateModified\":\"2025-07-07T08:09:41+00:00\",\"breadcrumb\":{\"@id\":\"https:\/\/www.mister-wp.com\/en\/blog\/#breadcrumb\"},\"inLanguage\":\"en-US\",\"potentialAction\":[{\"@type\":\"ReadAction\",\"target\":[\"https:\/\/www.mister-wp.com\/en\/blog\/\"]}]},{\"@type\":\"BreadcrumbList\",\"@id\":\"https:\/\/www.mister-wp.com\/en\/blog\/#breadcrumb\",\"itemListElement\":[{\"@type\":\"ListItem\",\"position\":1,\"name\":\"Accueil\",\"item\":\"https:\/\/www.mister-wp.com\/\"},{\"@type\":\"ListItem\",\"position\":2,\"name\":\"The blog posts of Mister WordPress\"}]},{\"@type\":\"WebSite\",\"@id\":\"https:\/\/www.mister-wp.com\/en\/#website\",\"url\":\"https:\/\/www.mister-wp.com\/en\/\",\"name\":\"Mr WP\",\"description\":\"Webmaster Expert WordPress - D\u00e9veloppeur Freelance\",\"publisher\":{\"@id\":\"https:\/\/www.mister-wp.com\/en\/#\/schema\/person\/d10374c4edda8bd87e6872abfc87bc17\"},\"potentialAction\":[{\"@type\":\"SearchAction\",\"target\":{\"@type\":\"EntryPoint\",\"urlTemplate\":\"https:\/\/www.mister-wp.com\/en\/?s={search_term_string}\"},\"query-input\":{\"@type\":\"PropertyValueSpecification\",\"valueRequired\":true,\"valueName\":\"search_term_string\"}}],\"inLanguage\":\"en-US\"},{\"@type\":[\"Person\",\"Organization\"],\"@id\":\"https:\/\/www.mister-wp.com\/en\/#\/schema\/person\/d10374c4edda8bd87e6872abfc87bc17\",\"name\":\"Mister WordPress (Nicolas Laruelle)\",\"image\":{\"@type\":\"ImageObject\",\"inLanguage\":\"en-US\",\"@id\":\"https:\/\/www.mister-wp.com\/en\/#\/schema\/person\/image\/\",\"url\":\"https:\/\/www.mister-wp.com\/wp-content\/uploads\/2022\/03\/mister-wordpress-logo.png\",\"contentUrl\":\"https:\/\/www.mister-wp.com\/wp-content\/uploads\/2022\/03\/mister-wordpress-logo.png\",\"width\":752,\"height\":224,\"caption\":\"Mister WordPress (Nicolas Laruelle)\"},\"logo\":{\"@id\":\"https:\/\/www.mister-wp.com\/en\/#\/schema\/person\/image\/\"},\"description\":\"Je suis Mister\u00a0WordPress (rien que \u00e7a), mais vous pouvez aussi m'appeler par mon vrai nom\u00a0: Nicolas Laruelle. D'abord fan de l'Univers des CMS et Scripts\u00a0PHP (surtout depuis ~\u00a02006), WordPress a pris une telle place dans ma vie professionnelle aujourd'hui\u2026 Depuis\u00a02015, j'ai d\u00e9cid\u00e9 de fonder le blog Mister\u00a0WP, pour \u00e9crire sur le sujet\u2026 (j\u2019aime\u00a0\u00e9crire). Il existe d\u00e9j\u00e0 beaucoup de blogs francophones sur WordPress. Je tente donc d'\u00eatre original dans les sujets que je choisis, ou dans la mani\u00e8re de les aborder. Je voudrais aider un maximum de D\u00e9butants, parmi ceux qui se sentent Bloqu\u00e9s et qui n'osent pas se lancer dans la Cr\u00e9ation de sites\u00a0WordPress autoh\u00e9berg\u00e9s. Malheureusement, force est de constater que sur Internet, obtenir un R\u00e9sultat pr\u00e9cis requiert certaines Comp\u00e9tences techniques. Il est \u00ab\u00a0Faux\u00a0\u00bb de dire que \u00ab\u00a0La M\u00e9nag\u00e8re de plus de 50\u00a0ans sachant cr\u00e9er un Document\u00a0Word\u00a0\u00bb sera forc\u00e9ment capable de \u00ab\u00a0Cr\u00e9er un site WordPress propre\u00a0\u00bb, sans\u00a0aide, gratuitement. Par contre, je m'acharne depuis des ann\u00e9es \u00e0 rendre cela possible pour n'importe quel n\u00e9ophyte courageux, qui \u00e9tudierait ce blog, suivrait des formations ou se ferait accompagner d'un v\u00e9ritable H\u00e9bergeur\u00a0WordPress sp\u00e9cialis\u00e9 (EasyHoster\u00a0en\u00a0est\u00a0un). En cas de besoin, n'h\u00e9sitez pas \u00e0 dialoguer avec moi en commentaires ou via les r\u00e9seaux sociaux Twitter\u00a0&amp;\u00a0Facebook @MisterWordPress ou Nicolas\u00a0Laruelle\u00a0:)\",\"sameAs\":[\"https:\/\/www.mister-wp.com\",\"https:\/\/www.facebook.com\/Mister.WordPress\/\",\"https:\/\/www.instagram.com\/nicolaslaruelle\/\",\"https:\/\/be.linkedin.com\/in\/nicolaslaruelle\",\"https:\/\/x.com\/https:\/\/twitter.com\/MisterWordPress\",\"https:\/\/www.youtube.com\/c\/NicolasLaruelle\/\"]}]}<\/script>\n<!-- \/ Yoast SEO plugin. -->","yoast_head_json":{"title":"Developer's Blog of the Kim Communication WordPress Web Agency","robots":{"index":"index","follow":"follow","max-snippet":"max-snippet:-1","max-image-preview":"max-image-preview:large","max-video-preview":"max-video-preview:-1"},"canonical":"https:\/\/www.mister-wp.com\/en\/blog\/","og_locale":"en_US","og_type":"article","og_title":"Developer's Blog of the Kim Communication WordPress Web Agency","og_description":"The 30 Best WordPress Themes (Official 2025 Ranking) If you choose the wrong WordPress theme \ud83d\ude31 you're doomed! First, you build your WordPress site (without knowing it, with the wrong theme). Second... Oops! You change your mind, you try to change your WordPress theme in 1 click? And third: no! The dream turns into a [&hellip;]","og_url":"https:\/\/www.mister-wp.com\/en\/blog\/","og_site_name":"Mr WP","article_publisher":"https:\/\/www.facebook.com\/Mister.WordPress\/","article_modified_time":"2025-07-07T08:09:41+00:00","twitter_card":"summary_large_image","twitter_site":"@MisterWordPress","twitter_misc":{"Est. reading time":"7 minutes"},"schema":{"@context":"https:\/\/schema.org","@graph":[{"@type":"WebPage","@id":"https:\/\/www.mister-wp.com\/en\/blog\/","url":"https:\/\/www.mister-wp.com\/en\/blog\/","name":"Developer's Blog of the Kim Communication WordPress Web Agency","isPartOf":{"@id":"https:\/\/www.mister-wp.com\/en\/#website"},"datePublished":"2025-07-06T09:13:50+00:00","dateModified":"2025-07-07T08:09:41+00:00","breadcrumb":{"@id":"https:\/\/www.mister-wp.com\/en\/blog\/#breadcrumb"},"inLanguage":"en-US","potentialAction":[{"@type":"ReadAction","target":["https:\/\/www.mister-wp.com\/en\/blog\/"]}]},{"@type":"BreadcrumbList","@id":"https:\/\/www.mister-wp.com\/en\/blog\/#breadcrumb","itemListElement":[{"@type":"ListItem","position":1,"name":"Accueil","item":"https:\/\/www.mister-wp.com\/"},{"@type":"ListItem","position":2,"name":"The blog posts of Mister WordPress"}]},{"@type":"WebSite","@id":"https:\/\/www.mister-wp.com\/en\/#website","url":"https:\/\/www.mister-wp.com\/en\/","name":"Mr WP","description":"Webmaster Expert WordPress - D\u00e9veloppeur Freelance","publisher":{"@id":"https:\/\/www.mister-wp.com\/en\/#\/schema\/person\/d10374c4edda8bd87e6872abfc87bc17"},"potentialAction":[{"@type":"SearchAction","target":{"@type":"EntryPoint","urlTemplate":"https:\/\/www.mister-wp.com\/en\/?s={search_term_string}"},"query-input":{"@type":"PropertyValueSpecification","valueRequired":true,"valueName":"search_term_string"}}],"inLanguage":"en-US"},{"@type":["Person","Organization"],"@id":"https:\/\/www.mister-wp.com\/en\/#\/schema\/person\/d10374c4edda8bd87e6872abfc87bc17","name":"Mister WordPress (Nicolas Laruelle)","image":{"@type":"ImageObject","inLanguage":"en-US","@id":"https:\/\/www.mister-wp.com\/en\/#\/schema\/person\/image\/","url":"https:\/\/www.mister-wp.com\/wp-content\/uploads\/2022\/03\/mister-wordpress-logo.png","contentUrl":"https:\/\/www.mister-wp.com\/wp-content\/uploads\/2022\/03\/mister-wordpress-logo.png","width":752,"height":224,"caption":"Mister WordPress (Nicolas Laruelle)"},"logo":{"@id":"https:\/\/www.mister-wp.com\/en\/#\/schema\/person\/image\/"},"description":"Je suis Mister\u00a0WordPress (rien que \u00e7a), mais vous pouvez aussi m'appeler par mon vrai nom\u00a0: Nicolas Laruelle. D'abord fan de l'Univers des CMS et Scripts\u00a0PHP (surtout depuis ~\u00a02006), WordPress a pris une telle place dans ma vie professionnelle aujourd'hui\u2026 Depuis\u00a02015, j'ai d\u00e9cid\u00e9 de fonder le blog Mister\u00a0WP, pour \u00e9crire sur le sujet\u2026 (j\u2019aime\u00a0\u00e9crire). Il existe d\u00e9j\u00e0 beaucoup de blogs francophones sur WordPress. Je tente donc d'\u00eatre original dans les sujets que je choisis, ou dans la mani\u00e8re de les aborder. Je voudrais aider un maximum de D\u00e9butants, parmi ceux qui se sentent Bloqu\u00e9s et qui n'osent pas se lancer dans la Cr\u00e9ation de sites\u00a0WordPress autoh\u00e9berg\u00e9s. Malheureusement, force est de constater que sur Internet, obtenir un R\u00e9sultat pr\u00e9cis requiert certaines Comp\u00e9tences techniques. Il est \u00ab\u00a0Faux\u00a0\u00bb de dire que \u00ab\u00a0La M\u00e9nag\u00e8re de plus de 50\u00a0ans sachant cr\u00e9er un Document\u00a0Word\u00a0\u00bb sera forc\u00e9ment capable de \u00ab\u00a0Cr\u00e9er un site WordPress propre\u00a0\u00bb, sans\u00a0aide, gratuitement. Par contre, je m'acharne depuis des ann\u00e9es \u00e0 rendre cela possible pour n'importe quel n\u00e9ophyte courageux, qui \u00e9tudierait ce blog, suivrait des formations ou se ferait accompagner d'un v\u00e9ritable H\u00e9bergeur\u00a0WordPress sp\u00e9cialis\u00e9 (EasyHoster\u00a0en\u00a0est\u00a0un). En cas de besoin, n'h\u00e9sitez pas \u00e0 dialoguer avec moi en commentaires ou via les r\u00e9seaux sociaux Twitter\u00a0&amp;\u00a0Facebook @MisterWordPress ou Nicolas\u00a0Laruelle\u00a0:)","sameAs":["https:\/\/www.mister-wp.com","https:\/\/www.facebook.com\/Mister.WordPress\/","https:\/\/www.instagram.com\/nicolaslaruelle\/","https:\/\/be.linkedin.com\/in\/nicolaslaruelle","https:\/\/x.com\/https:\/\/twitter.com\/MisterWordPress","https:\/\/www.youtube.com\/c\/NicolasLaruelle\/"]}]}},"_links":{"self":[{"href":"https:\/\/www.mister-wp.com\/en\/wp-json\/wp\/v2\/pages\/271716","targetHints":{"allow":["GET"]}}],"collection":[{"href":"https:\/\/www.mister-wp.com\/en\/wp-json\/wp\/v2\/pages"}],"about":[{"href":"https:\/\/www.mister-wp.com\/en\/wp-json\/wp\/v2\/types\/page"}],"author":[{"embeddable":true,"href":"https:\/\/www.mister-wp.com\/en\/wp-json\/wp\/v2\/users\/1"}],"replies":[{"embeddable":true,"href":"https:\/\/www.mister-wp.com\/en\/wp-json\/wp\/v2\/comments?post=271716"}],"version-history":[{"count":0,"href":"https:\/\/www.mister-wp.com\/en\/wp-json\/wp\/v2\/pages\/271716\/revisions"}],"wp:attachment":[{"href":"https:\/\/www.mister-wp.com\/en\/wp-json\/wp\/v2\/media?parent=271716"}],"curies":[{"name":"wp","href":"https:\/\/api.w.org\/{rel}","templated":true}]}}